{"id":3141,"date":"2026-04-26T13:49:00","date_gmt":"2026-04-26T13:49:00","guid":{"rendered":"https:\/\/villalangstrand.com\/?page_id=3141"},"modified":"2026-04-26T13:49:47","modified_gmt":"2026-04-26T13:49:47","slug":"fischerhutte-wochenende-finnland","status":"publish","type":"page","link":"https:\/\/villalangstrand.com\/de\/fishing-cottage-weekend-finland\/","title":{"rendered":"Angelh\u00fcttenwochenende im Finnischen Sch\u00e4renmeer"},"content":{"rendered":"<div data-elementor-type=\"wp-page\" data-elementor-id=\"3141\" class=\"elementor elementor-3141\" data-elementor-post-type=\"page\">\n\t\t\t\t<div class=\"elementor-element elementor-element-9ad9e14 e-flex e-con-boxed e-con e-parent\" data-id=\"9ad9e14\" data-element_type=\"container\" data-e-type=\"container\">\n\t\t\t\t\t<div class=\"e-con-inner\">\n\t\t\t\t<div class=\"elementor-element elementor-element-7875462 elementor-widget elementor-widget-html\" data-id=\"7875462\" data-element_type=\"widget\" data-e-type=\"widget\" data-widget_type=\"html.default\">\n\t\t\t\t\t<section class=\"vl-fishing-page\">\n  <style>\n    .vl-fishing-page,\n    .vl-fishing-page * {\n      box-sizing: border-box;\n      letter-spacing: 0 !important;\n      text-transform: none !important;\n    }\n\n    .vl-fishing-page {\n      --ink: #062b2d;\n      --muted: #5f6668;\n      --gold: #e9c766;\n      --cream: #f7f1e7;\n      --line: #ded4c6;\n      width: 100vw;\n      margin-left: calc(50% - 50vw);\n      margin-right: calc(50% - 50vw);\n      overflow-x: hidden;\n      background: var(--cream);\n      color: var(--ink);\n      font-family: inherit;\n    }\n\n    .vl-fishing-page img {\n      display: block;\n      width: 100%;\n      height: auto;\n    }\n\n    .vl-fishing-hero {\n      min-height: 760px;\n      display: flex;\n      align-items: center;\n      background-image:\n        linear-gradient(90deg, rgba(0, 24, 25, 0.78), rgba(0, 24, 25, 0.35)),\n        url(\"https:\/\/villalangstrand.com\/wp-content\/uploads\/2025\/12\/IMG_9081-2048x1536.jpg\");\n      background-size: cover;\n      background-position: center;\n      color: #fff;\n      padding: 120px 6vw 90px;\n    }\n\n    .vl-fishing-hero-inner {\n      width: min(1120px, 100%);\n    }\n\n    .vl-eyebrow {\n      font-size: 18px;\n      font-weight: 700;\n      margin: 0 0 20px;\n      color: var(--gold);\n    }\n\n    .vl-fishing-page h1,\n    .vl-fishing-page h2,\n    .vl-fishing-page h3 {\n      margin: 0;\n      color: inherit;\n      font-weight: 700;\n      line-height: 1.05;\n    }\n\n    .vl-fishing-page h1 {\n      max-width: 980px;\n      font-size: clamp(46px, 7vw, 112px);\n    }\n\n    .vl-hero-text {\n      max-width: 760px;\n      margin: 28px 0 0;\n      font-size: clamp(20px, 2vw, 30px);\n      line-height: 1.55;\n      color: rgba(255, 255, 255, 0.95);\n    }\n\n    .vl-actions {\n      display: flex;\n      flex-wrap: wrap;\n      gap: 18px;\n      margin-top: 42px;\n    }\n\n    .vl-btn {\n      display: inline-flex;\n      align-items: center;\n      justify-content: center;\n      min-height: 62px;\n      padding: 18px 30px;\n      border-radius: 6px;\n      background: var(--gold);\n      color: var(--ink) !important;\n      font-size: 20px;\n      font-weight: 700;\n      text-decoration: none !important;\n      border: 1px solid var(--gold);\n    }\n\n    .vl-section {\n      padding: 86px 6vw;\n    }\n\n    .vl-inner {\n      width: min(1180px, 100%);\n      margin: 0 auto;\n    }\n\n    .vl-section h2 {\n      max-width: 900px;\n      font-size: clamp(34px, 4.6vw, 72px);\n      margin-bottom: 24px;\n    }\n\n    .vl-lead {\n      max-width: 840px;\n      font-size: 23px;\n      line-height: 1.7;\n      color: var(--muted);\n      margin: 0 0 34px;\n    }\n\n    .vl-facts {\n      display: grid;\n      grid-template-columns: repeat(4, minmax(0, 1fr));\n      gap: 14px;\n      margin-top: 38px;\n    }\n\n    .vl-fact {\n      background: #fff;\n      border: 1px solid var(--line);\n      padding: 22px;\n      min-height: 132px;\n    }\n\n    .vl-fact strong {\n      display: block;\n      font-size: 18px;\n      margin-bottom: 8px;\n      color: var(--ink);\n    }\n\n    .vl-fact span {\n      display: block;\n      font-size: 18px;\n      line-height: 1.45;\n      color: var(--muted);\n    }\n\n    .vl-grid-2 {\n      display: grid;\n      grid-template-columns: 1fr 1fr;\n      gap: 44px;\n      align-items: center;\n    }\n\n    .vl-panel {\n      background: #fff;\n      border: 1px solid var(--line);\n      padding: 36px;\n    }\n\n    .vl-panel h3 {\n      font-size: 30px;\n      margin-bottom: 16px;\n    }\n\n    .vl-panel p,\n    .vl-panel li {\n      font-size: 20px;\n      line-height: 1.65;\n      color: var(--muted);\n    }\n\n    .vl-panel p {\n      margin: 0;\n    }\n\n    .vl-panel ul {\n      margin: 0;\n      padding-left: 22px;\n    }\n\n    .vl-image {\n      overflow: hidden;\n      border: 1px solid var(--line);\n      background: #fff;\n    }\n\n    .vl-image img {\n      aspect-ratio: 4 \/ 3;\n      object-fit: cover;\n    }\n\n    .vl-cards {\n      display: grid;\n      grid-template-columns: repeat(3, minmax(0, 1fr));\n      gap: 24px;\n      margin-top: 34px;\n    }\n\n    .vl-card {\n      background: #fff;\n      border: 1px solid var(--line);\n    }\n\n    .vl-card img {\n      aspect-ratio: 4 \/ 3;\n      object-fit: cover;\n    }\n\n    .vl-card-body {\n      padding: 28px;\n    }\n\n    .vl-card h3 {\n      font-size: 28px;\n      margin-bottom: 14px;\n    }\n\n    .vl-card p {\n      margin: 0;\n      font-size: 19px;\n      line-height: 1.65;\n      color: var(--muted);\n    }\n\n    .vl-itinerary {\n      display: grid;\n      grid-template-columns: repeat(3, minmax(0, 1fr));\n      gap: 20px;\n      margin-top: 34px;\n    }\n\n    .vl-day {\n      background: #fff;\n      border: 1px solid var(--line);\n      padding: 28px;\n    }\n\n    .vl-day h3 {\n      font-size: 26px;\n      margin-bottom: 12px;\n    }\n\n    .vl-day p {\n      margin: 0;\n      font-size: 19px;\n      line-height: 1.65;\n      color: var(--muted);\n    }\n\n    .vl-dark {\n      background: var(--ink);\n      color: #fff;\n    }\n\n    .vl-dark .vl-lead,\n    .vl-dark .vl-panel p,\n    .vl-dark .vl-panel li {\n      color: rgba(255, 255, 255, 0.82);\n    }\n\n    .vl-dark .vl-panel {\n      background: rgba(255, 255, 255, 0.06);\n      border-color: rgba(255, 255, 255, 0.18);\n    }\n\n    .vl-note {\n      margin-top: 30px;\n      padding: 24px;\n      background: rgba(233, 199, 102, 0.18);\n      border: 1px solid rgba(233, 199, 102, 0.45);\n      font-size: 18px;\n      line-height: 1.6;\n      color: var(--ink);\n    }\n\n    .vl-dark .vl-note {\n      color: #fff;\n    }\n\n    .vl-final {\n      text-align: center;\n    }\n\n    .vl-final .vl-lead {\n      margin-left: auto;\n      margin-right: auto;\n    }\n\n    @media (max-width: 980px) {\n      .vl-fishing-hero {\n        min-height: 680px;\n        padding: 100px 26px 70px;\n      }\n\n      .vl-section {\n        padding: 68px 26px;\n      }\n\n      .vl-facts,\n      .vl-cards,\n      .vl-itinerary,\n      .vl-grid-2 {\n        grid-template-columns: 1fr;\n      }\n\n      .vl-panel {\n        padding: 28px;\n      }\n    }\n\n    @media (max-width: 560px) {\n      .vl-fishing-page h1 {\n        font-size: 42px;\n      }\n\n      .vl-hero-text,\n      .vl-lead {\n        font-size: 19px;\n      }\n\n      .vl-btn {\n        width: 100%;\n      }\n    }\n  <\/style>\n\n  <div class=\"vl-fishing-hero\">\n    <div class=\"vl-fishing-hero-inner\">\n      <p class=\"vl-eyebrow\">Angelh\u00fctte Wochenende in S\u00fcdfinnland<\/p>\n      <h1>Wochenendtrip in einem privaten Fischerhaus im finnischen Sch\u00e4renmeer<\/h1>\n      <p class=\"vl-hero-text\">\n        \u00dcbernachten Sie in der Villa Pihlajanmarja, einer privaten Blockh\u00fctte im Sch\u00e4rengarten von Tammisaari \/ Eken\u00e4s, mit einer Holzsauna, einem Au\u00dfenjacuzzi, Bootsanleger, Ruderboot und ruhiger Meeresnatur rund um die Bucht B\u00e5tviken.\n      <\/p>\n      <div class=\"vl-actions\">\n        <a class=\"vl-btn\" href=\"https:\/\/villalangstrand.com\/de\/kontaktformular\/\">Wollen wir dieses Wochenende angeln gehen?<\/a>\n      <\/div>\n    <\/div>\n  <\/div>\n\n  <div class=\"vl-section\">\n    <div class=\"vl-inner\">\n      <h2>Ein ruhiges Ferienhaus als Basis f\u00fcr Angeln, Sauna und Zeit im Freien<\/h2>\n      <p class=\"vl-lead\">\n        Dieser Aufenthalt ist f\u00fcr G\u00e4ste konzipiert, die eine private Cottages-Atmosph\u00e4re, Zugang zu den Uferbereichen und einen Wochenendrhythmus rund um Meeresfischerei, eine holzbeheizte Sauna, einen Outdoor-Whirlpool und gemeinsame, ausgiebige Mahlzeiten w\u00fcnschen.\n      <\/p>\n\n      <div class=\"vl-facts\">\n        <div class=\"vl-fact\">\n          <strong>Villa<\/strong>\n          <span>Villa Pihlajanmarja, eine private Blockhausvilla bei der Villa L\u00e5ngstrand<\/span>\n        <\/div>\n        <div class=\"vl-fact\">\n          <strong>Ort<\/strong>\n          <span>Sch\u00e4ren von Tammisaari \/ Eken\u00e4s, etwa 90 Minuten von Helsinki entfernt<\/span>\n        <\/div>\n        <div class=\"vl-fact\">\n          <strong>Fischereizugang<\/strong>\n          <span>Bootsrampe und Ruderboot vorhanden; Elektromotor gegen Aufpreis erh\u00e4ltlich<\/span>\n        <\/div>\n        <div class=\"vl-fact\">\n          <strong>Nach dem Angeln<\/strong>\n          <span>Holzbeheizte Sauna, Au\u00dfenwhirlpool, Terrasse und friedliche Natur<\/span>\n        <\/div>\n      <\/div>\n    <\/div>\n  <\/div>\n\n  <div class=\"vl-section\">\n    <div class=\"vl-inner vl-grid-2\">\n      <div class=\"vl-image\">\n        <img decoding=\"async\" src=\"https:\/\/villalangstrand.com\/wp-content\/uploads\/2025\/12\/IMG_7561-2-1-1024x768.jpg\" alt=\"Blockhaus Villa Pihlajanmarja mit Au\u00dfenwhirlpool im finnischen Sch\u00e4renmeer\">\n      <\/div>\n      <div class=\"vl-panel\">\n        <h3>Warum die Villa Pihlajanmarja gut f\u00fcr ein Angelwochenende geeignet ist<\/h3>\n        <ul>\n          <li>Privater Ferienhausaufenthalt in ruhiger K\u00fcstenlage<\/li>\n          <li>G\u00e4stezugang zu Uferbereichen der Villa L\u00e5ngstrand<\/li>\n          <li>Bootsrampenzugang und Ruderboot; Elektromotor gegen Aufpreis verf\u00fcgbar<\/li>\n          <li>Die Bucht B\u00e5tviken ist normalerweise ziemlich ruhig<\/li>\n          <li>Holzbeheizte Sauna und Au\u00dfen-Jacuzzi nach Zeit im Freien<\/li>\n          <li>Komfortable Villa mit einer ansprechenden Atmosph\u00e4re f\u00fcr Paare, Freunde oder eine kleine Familiengruppe<\/li>\n          <li>Etwa 90 Autominuten von Helsinki entfernt<\/li>\n        <\/ul>\n      <\/div>\n    <\/div>\n  <\/div>\n\n  <div class=\"vl-section\">\n    <div class=\"vl-inner\">\n      <h2>Was das Wochenende beinhalten kann<\/h2>\n      <p class=\"vl-lead\">\n        Das Angelwochenende ist im Voraus arrangiert, sodass der Aufenthalt bei Ihrer Ankunft einfach ist. Die Idee ist einfach: eine private Villa, praktischer Zugang zum Meer und ein entspanntes finnisches Wochenende mit Sauna, Essen und ruhiger Umgebung.\n      <\/p>\n\n      <div class=\"vl-cards\">\n        <div class=\"vl-card\">\n          <img decoding=\"async\" src=\"https:\/\/villalangstrand.com\/wp-content\/uploads\/2025\/12\/IMG_9081-1024x768.jpg\" alt=\"Imprescindible y accesible para invitados en Villa L\u00e5ngstrand en el archipi\u00e9lago finland\u00e9s\">\n          <div class=\"vl-card-body\">\n            <h3>Bootsrampe und Meereszugang<\/h3>\n            <p>\n              G\u00e4ste k\u00f6nnen die zur Unterkunft geh\u00f6renden Uferbereiche und die Bootsrampe nutzen. Ein Ruderboot steht zur Verf\u00fcgung, ein Elektromotor kann gegen Geb\u00fchr arrangiert werden. Die B\u00e5tviken-Bucht ist normalerweise ruhig, und erfahrene G\u00e4ste k\u00f6nnen bei geeigneten Wetter- und Seebedingungen weiter erkunden.\n            <\/p>\n          <\/div>\n        <\/div>\n\n        <div class=\"vl-card\">\n          <img decoding=\"async\" src=\"https:\/\/villalangstrand.com\/wp-content\/uploads\/2025\/12\/sauna-2-1024x768.jpg\" alt=\"Holzbeheizte Sauna in der Villa Pihlajanmarja nach einem Angeltag\">\n          <div class=\"vl-card-body\">\n            <h3>Holzbeheizte Sauna nach dem Tag im Freien<\/h3>\n            <p>\n              Nach dem Angeln oder einem Tag am Meer kehren Sie in die Villa zur\u00fcck f\u00fcr eine holzbeheizte Sauna und einen Whirlpool im Freien. Dieser Teil des Wochenendes bleibt den G\u00e4sten oft am besten in Erinnerung.\n            <\/p>\n          <\/div>\n        <\/div>\n\n        <div class=\"vl-card\">\n          <img decoding=\"async\" src=\"https:\/\/villalangstrand.com\/wp-content\/uploads\/2025\/12\/keittio_2-1-1024x768.jpg\" alt=\"K\u00fcche und Essbereich in der Villa Pihlajanmarja f\u00fcr ein privates H\u00fcttenwochenende\">\n          <div class=\"vl-card-body\">\n            <h3>Private Mahlzeiten und Weber-Grill<\/h3>\n            <p>\n              Genie\u00dfen Sie ein einfaches Selbstversorger-Wochenende mit eigener K\u00fcche, entspannten Mahlzeiten in der Villa und einem hochwertigen Weber-Grill. Bringen Sie Ihre Lieblingsspeisen mit, bereiten Sie nach einem Tag im Freien etwas Einfaches zu oder besuchen Sie, falls verf\u00fcgbar, den Samstagsmarkt in Tammisaari.\n            <\/p>\n          <\/div>\n        <\/div>\n      <\/div>\n    <\/div>\n  <\/div>\n\n  <div class=\"vl-section vl-dark\">\n    <div class=\"vl-inner\">\n      <h2>Ein einfacher Wochenendrhythmus<\/h2>\n      <p class=\"vl-lead\">\n        Der Aufenthalt kann ganz einfach gestaltet werden: Anreise aus Helsinki, Bezug der Villa, den Samstag im Freien verbringen und den Tag mit einer holzbeheizten Sauna, Whirlpool und Abendessen ausklingen lassen.\n      <\/p>\n\n      <div class=\"vl-itinerary\">\n        <div class=\"vl-day\">\n          <h3>Freitag Ankunft<\/h3>\n          <p>\n            Ankunft in der Villa Pihlajanmarja, einrichten, ein entspanntes Abendessen vorbereiten und die ruhige H\u00fcttenatmosph\u00e4re genie\u00dfen.\n          <\/p>\n        <\/div>\n\n        <div class=\"vl-day\">\n          <h3>Samstag drau\u00dfen<\/h3>\n          <p>\n            Langsam beginnen, das Fr\u00fchst\u00fcck genie\u00dfen, dann den Tag in den Uferbereichen, am Bootssteg, in der B\u00e5tviken-Bucht und in der nahegelegenen Natur verbringen. Angeln ist immer wetter-, saison- und ortsabh\u00e4ngig.\n          <\/p>\n        <\/div>\n\n        <div class=\"vl-day\">\n          <h3>Saunaabend<\/h3>\n          <p>\n            Kehren Sie zur Villa zur\u00fcck f\u00fcr die holzbeheizte Sauna, den Whirlpool im Freien und das Abendessen. Der Abend kann einfach, privat und nach dem Tempo der Gruppe gestaltet werden.\n          <\/p>\n        <\/div>\n      <\/div>\n\n      <div class=\"vl-note\">\n        Angelgenehmigungen und Angelregeln h\u00e4ngen von der Art des Angelns, dem Alter der G\u00e4ste, der Jahreszeit und dem Standort ab. G\u00e4ste sollten sich vor der Ankunft \u00fcber die offiziellen finnischen Angelgenehmigungsbestimmungen informieren. Die Bootsnutzung ist immer vom Wetter, den Seebedingungen und geeigneter Erfahrung abh\u00e4ngig.\n      <\/div>\n    <\/div>\n  <\/div>\n\n  <div class=\"vl-section\">\n    <div class=\"vl-inner vl-grid-2\">\n      <div class=\"vl-panel\">\n        <h3>Essen f\u00fcrs Wochenende<\/h3>\n        <p>\n          Villa Pihlajanmarja verf\u00fcgt \u00fcber eine eigene K\u00fcche und einen erstklassigen Weber-Grill, was das Wochenende ideal f\u00fcr entspannte private Mahlzeiten macht. Die G\u00e4ste k\u00f6nnen ihre eigenen Lebensmittel mitbringen, gemeinsam in der Villa kochen oder lokale Produkte vom Samstagsmarkt in Tammisaari und von umliegenden Erzeugern erkunden, sofern verf\u00fcgbar.\n        <\/p>\n      <\/div>\n\n      <div class=\"vl-panel\">\n        <h3>Gut zu wissen<\/h3>\n        <ul>\n          <li>Dies ist ein privater H\u00fcttenaufenthalt mit einem ruhigen, unabh\u00e4ngigen Wochenendrhythmus.<\/li>\n          <li>Die Villa liegt in der N\u00e4he des Meeres mit Zugang zu K\u00fcstenbereichen, aber nicht direkt am Ufer.<\/li>\n          <li>Die lokale Bucht, B\u00e5tviken, ist normalerweise ziemlich ruhig.<\/li>\n          <li>Es wird eine Vorabbuchung f\u00fcr Boots-, Angel- und Wochenendarrangements empfohlen.<\/li>\n          <li>Die Anreise mit dem Auto ist die einfachste Option. Die Fahrt von Helsinki dauert etwa 90 Minuten.<\/li>\n        <\/ul>\n      <\/div>\n    <\/div>\n  <\/div>\n\n  <div class=\"vl-section\">\n    <div class=\"vl-inner\">\n      <h2>F\u00fcr wen dieser Aufenthalt am besten geeignet ist<\/h2>\n      <p class=\"vl-lead\">\n        Ein Angelh\u00fcttenwochenende in der Villa Pihlajanmarja eignet sich am besten f\u00fcr G\u00e4ste, die eine ruhige, private Villa, Zugang zur Meeresnatur, Zeit im Freien, eine holzbeheizte Sauna, einen Whirlpool im Freien und einen entspannten Wochenendrhythmus w\u00fcnschen.\n      <\/p>\n\n      <div class=\"vl-cards\">\n        <div class=\"vl-card\">\n          <div class=\"vl-card-body\">\n            <h3>Paare<\/h3>\n            <p>\n              Ein ruhiges Wochenende im Ferienhaus mit Angeln, Sauna, Jacuzzi und stiller Zeit zu zweit in Meeresn\u00e4he.\n            <\/p>\n          <\/div>\n        <\/div>\n\n        <div class=\"vl-card\">\n          <div class=\"vl-card-body\">\n            <h3>Freunde<\/h3>\n            <p>\n              Ein einfacher privater Wochenendtrip rund ums Angeln, Selbstversorgung, Saunaabende, Grillen und Zeit im Freien.\n            <\/p>\n          <\/div>\n        <\/div>\n\n        <div class=\"vl-card\">\n          <div class=\"vl-card-body\">\n            <h3>Kleine Familiengruppen<\/h3>\n            <p>\n              Eine komfortable Villa als Basis f\u00fcr Natur, entspannte Mahlzeiten, Zugang zum Ufer und friedliche Auszeiten vom Stadtleben.\n            <\/p>\n          <\/div>\n        <\/div>\n      <\/div>\n    <\/div>\n  <\/div>\n\n  <div class=\"vl-section vl-dark vl-final\">\n    <div class=\"vl-inner\">\n      <h2>Wie w\u00e4re es mit einem Wochenende in einer Angelh\u00fctte?<\/h2>\n      <p class=\"vl-lead\">\n        Teilen Sie uns Ihre Wunschtermine, die Anzahl der G\u00e4ste, Ihre Angelpl\u00e4ne und alle praktischen Details mit, die uns bei der Vorbereitung des Aufenthalts helfen w\u00fcrden.\n      <\/p>\n      <div class=\"vl-actions\" style=\"justify-content:center;\">\n        <a class=\"vl-btn\" href=\"https:\/\/villalangstrand.com\/de\/kontaktformular\/\">Anfrage senden<\/a>\n      <\/div>\n    <\/div>\n  <\/div>\n<\/section>\n\t\t\t\t<\/div>\n\t\t\t\t\t<\/div>\n\t\t\t\t<\/div>\n\t\t\t\t<\/div>","protected":false},"excerpt":{"rendered":"<p>Ein privates Angelh\u00fcttenwochenende in der Villa Pihlajanmarja im Sch\u00e4reng\u00fcrtel von Tammisaari \/ Eken\u00e4s, etwa 90 Autominuten von Helsinki entfernt. Genie\u00dfen Sie Meerzugang, Bootsrampe, Ruderboot, holzbeheizte Sauna, Au\u00dfenwhirlpool, einen Premium-Weber-Grill und eine ruhige H\u00fcttenumgebung in der N\u00e4he der Natur.<\/p>","protected":false},"author":1,"featured_media":2346,"parent":0,"menu_order":0,"comment_status":"closed","ping_status":"closed","template":"","meta":{"footnotes":""},"class_list":["post-3141","page","type-page","status-publish","has-post-thumbnail","hentry"],"_links":{"self":[{"href":"https:\/\/villalangstrand.com\/de\/wp-json\/wp\/v2\/pages\/3141","targetHints":{"allow":["GET"]}}],"collection":[{"href":"https:\/\/villalangstrand.com\/de\/wp-json\/wp\/v2\/pages"}],"about":[{"href":"https:\/\/villalangstrand.com\/de\/wp-json\/wp\/v2\/types\/page"}],"author":[{"embeddable":true,"href":"https:\/\/villalangstrand.com\/de\/wp-json\/wp\/v2\/users\/1"}],"replies":[{"embeddable":true,"href":"https:\/\/villalangstrand.com\/de\/wp-json\/wp\/v2\/comments?post=3141"}],"version-history":[{"count":7,"href":"https:\/\/villalangstrand.com\/de\/wp-json\/wp\/v2\/pages\/3141\/revisions"}],"predecessor-version":[{"id":3148,"href":"https:\/\/villalangstrand.com\/de\/wp-json\/wp\/v2\/pages\/3141\/revisions\/3148"}],"wp:featuredmedia":[{"embeddable":true,"href":"https:\/\/villalangstrand.com\/de\/wp-json\/wp\/v2\/media\/2346"}],"wp:attachment":[{"href":"https:\/\/villalangstrand.com\/de\/wp-json\/wp\/v2\/media?parent=3141"}],"curies":[{"name":"wp","href":"https:\/\/api.w.org\/{rel}","templated":true}]}}